{"id":26,"date":"2025-09-22T15:55:38","date_gmt":"2025-09-22T18:55:38","guid":{"rendered":"https:\/\/labedutec.fica.unsl.edu.ar\/?page_id=26"},"modified":"2025-09-22T16:01:37","modified_gmt":"2025-09-22T19:01:37","slug":"divulgacion","status":"publish","type":"page","link":"https:\/\/labedutec.fica.unsl.edu.ar\/index.php\/divulgacion\/","title":{"rendered":"Divulgaci\u00f3n"},"content":{"rendered":"\n<div style=\"height:var(--wp--preset--spacing--50)\" aria-hidden=\"true\" class=\"wp-block-spacer\"><\/div>\n\n\n\n<div class=\"wp-block-group alignwide is-layout-constrained wp-block-group-is-layout-constrained\">\n<h1 class=\"wp-block-heading alignwide has-xx-large-font-size\" style=\"line-height:1.2\">Soy <em>Leia Acosta<\/em>, una fot\u00f3grafa apasionada que encuentra inspiraci\u00f3n en capturar la belleza fugaz de la vida.<\/h1>\n<\/div>\n\n\n\n<div class=\"wp-block-group alignfull is-layout-constrained wp-container-core-group-is-layout-2 wp-block-group-is-layout-constrained\" style=\"margin-top:0;margin-bottom:0;padding-top:var(--wp--preset--spacing--50);padding-right:var(--wp--preset--spacing--50);padding-bottom:var(--wp--preset--spacing--50);padding-left:var(--wp--preset--spacing--50)\">\n<div class=\"wp-block-columns alignwide is-layout-flex wp-container-core-columns-is-layout-1 wp-block-columns-is-layout-flex\" style=\"margin-top:0;margin-bottom:0\">\n<div class=\"wp-block-column is-layout-flow wp-container-core-column-is-layout-1 wp-block-column-is-layout-flow\">\n\n\n<div style=\"height:var(--wp--preset--spacing--50)\" aria-hidden=\"true\" class=\"wp-block-spacer\"><\/div>\n\n\n\n\n\n<div style=\"height:var(--wp--preset--spacing--50)\" aria-hidden=\"true\" class=\"wp-block-spacer\"><\/div>\n\n\n<\/div>\n\n\n\n<div class=\"wp-block-column is-layout-flow wp-container-core-column-is-layout-2 wp-block-column-is-layout-flow\">\n<div style=\"height:var(--wp--preset--spacing--50)\" aria-hidden=\"true\" class=\"wp-block-spacer\"><\/div>\n\n\n\n\n\n<div style=\"height:var(--wp--preset--spacing--50)\" aria-hidden=\"true\" class=\"wp-block-spacer\"><\/div>\n\n\n\n\n\n<div style=\"height:var(--wp--preset--spacing--50)\" aria-hidden=\"true\" class=\"wp-block-spacer\"><\/div>\n\n\n<\/div>\n\n\n\n<div class=\"wp-block-column is-layout-flow wp-container-core-column-is-layout-3 wp-block-column-is-layout-flow\">\n\n\n<div style=\"height:var(--wp--preset--spacing--50)\" aria-hidden=\"true\" class=\"wp-block-spacer\"><\/div>\n\n\n\n\n\n<div style=\"height:var(--wp--preset--spacing--50)\" aria-hidden=\"true\" class=\"wp-block-spacer\"><\/div>\n\n\n<\/div>\n\n\n\n<div class=\"wp-block-column is-layout-flow wp-container-core-column-is-layout-4 wp-block-column-is-layout-flow\">\n<div style=\"height:var(--wp--preset--spacing--50)\" aria-hidden=\"true\" class=\"wp-block-spacer\"><\/div>\n\n\n\n\n\n<div style=\"height:var(--wp--preset--spacing--50)\" aria-hidden=\"true\" class=\"wp-block-spacer\"><\/div>\n\n\n\n\n\n<div style=\"height:var(--wp--preset--spacing--50)\" aria-hidden=\"true\" class=\"wp-block-spacer\"><\/div>\n\n\n<\/div>\n<\/div>\n<\/div>\n","protected":false},"excerpt":{"rendered":"<p>Soy Leia Acosta, una fot\u00f3grafa apasionada que encuentra inspiraci\u00f3n en capturar la belleza fugaz de la vida.<\/p>\n","protected":false},"author":2,"featured_media":0,"parent":0,"menu_order":4,"comment_status":"closed","ping_status":"closed","template":"","meta":{"site-sidebar-layout":"default","site-content-layout":"","ast-site-content-layout":"default","site-content-style":"default","site-sidebar-style":"default","ast-global-header-display":"","ast-banner-title-visibility":"","ast-main-header-display":"","ast-hfb-above-header-display":"","ast-hfb-below-header-display":"","ast-hfb-mobile-header-display":"","site-post-title":"","ast-breadcrumbs-content":"","ast-featured-img":"","footer-sml-layout":"","theme-transparent-header-meta":"","adv-header-id-meta":"","stick-header-meta":"","header-above-stick-meta":"","header-main-stick-meta":"","header-below-stick-meta":"","astra-migrate-meta-layouts":"default","ast-page-background-enabled":"default","ast-page-background-meta":{"desktop":{"background-color":"var(--ast-global-color-5)","background-image":"","background-repeat":"repeat","background-position":"center center","background-size":"auto","background-attachment":"scroll","background-type":"","background-media":"","overlay-type":"","overlay-color":"","overlay-opacity":"","overlay-gradient":""},"tablet":{"background-color":"","background-image":"","background-repeat":"repeat","background-position":"center center","background-size":"auto","background-attachment":"scroll","background-type":"","background-media":"","overlay-type":"","overlay-color":"","overlay-opacity":"","overlay-gradient":""},"mobile":{"background-color":"","background-image":"","background-repeat":"repeat","background-position":"center center","background-size":"auto","background-attachment":"scroll","background-type":"","background-media":"","overlay-type":"","overlay-color":"","overlay-opacity":"","overlay-gradient":""}},"ast-content-background-meta":{"desktop":{"background-color":"var(--ast-global-color-4)","background-image":"","background-repeat":"repeat","background-position":"center center","background-size":"auto","background-attachment":"scroll","background-type":"","background-media":"","overlay-type":"","overlay-color":"","overlay-opacity":"","overlay-gradient":""},"tablet":{"background-color":"var(--ast-global-color-4)","background-image":"","background-repeat":"repeat","background-position":"center center","background-size":"auto","background-attachment":"scroll","background-type":"","background-media":"","overlay-type":"","overlay-color":"","overlay-opacity":"","overlay-gradient":""},"mobile":{"background-color":"var(--ast-global-color-4)","background-image":"","background-repeat":"repeat","background-position":"center center","background-size":"auto","background-attachment":"scroll","background-type":"","background-media":"","overlay-type":"","overlay-color":"","overlay-opacity":"","overlay-gradient":""}},"footnotes":""},"class_list":["post-26","page","type-page","status-publish","hentry"],"yoast_head":"<!-- This site is optimized with the Yoast SEO plugin v24.0 - https:\/\/yoast.com\/wordpress\/plugins\/seo\/ -->\n<title>Divulgaci\u00f3n - Laboratorio de Educaci\u00f3n y Tecnolog\u00edas<\/title>\n<meta name=\"robots\" content=\"index, follow, max-snippet:-1, max-image-preview:large, max-video-preview:-1\" \/>\n<link rel=\"canonical\" href=\"https:\/\/labedutec.fica.unsl.edu.ar\/index.php\/divulgacion\/\" \/>\n<meta property=\"og:locale\" content=\"es_ES\" \/>\n<meta property=\"og:type\" content=\"article\" \/>\n<meta property=\"og:title\" content=\"Divulgaci\u00f3n - Laboratorio de Educaci\u00f3n y Tecnolog\u00edas\" \/>\n<meta property=\"og:description\" content=\"Soy Leia Acosta, una fot\u00f3grafa apasionada que encuentra inspiraci\u00f3n en capturar la belleza fugaz de la vida.\" \/>\n<meta property=\"og:url\" content=\"https:\/\/labedutec.fica.unsl.edu.ar\/index.php\/divulgacion\/\" \/>\n<meta property=\"og:site_name\" content=\"Laboratorio de Educaci\u00f3n y Tecnolog\u00edas\" \/>\n<meta property=\"article:modified_time\" content=\"2025-09-22T19:01:37+00:00\" \/>\n<meta name=\"twitter:card\" content=\"summary_large_image\" \/>\n<script type=\"application\/ld+json\" class=\"yoast-schema-graph\">{\"@context\":\"https:\/\/schema.org\",\"@graph\":[{\"@type\":\"WebPage\",\"@id\":\"https:\/\/labedutec.fica.unsl.edu.ar\/index.php\/divulgacion\/\",\"url\":\"https:\/\/labedutec.fica.unsl.edu.ar\/index.php\/divulgacion\/\",\"name\":\"Divulgaci\u00f3n - Laboratorio de Educaci\u00f3n y Tecnolog\u00edas\",\"isPartOf\":{\"@id\":\"https:\/\/labedutec.fica.unsl.edu.ar\/#website\"},\"datePublished\":\"2025-09-22T18:55:38+00:00\",\"dateModified\":\"2025-09-22T19:01:37+00:00\",\"breadcrumb\":{\"@id\":\"https:\/\/labedutec.fica.unsl.edu.ar\/index.php\/divulgacion\/#breadcrumb\"},\"inLanguage\":\"es-AR\",\"potentialAction\":[{\"@type\":\"ReadAction\",\"target\":[\"https:\/\/labedutec.fica.unsl.edu.ar\/index.php\/divulgacion\/\"]}]},{\"@type\":\"BreadcrumbList\",\"@id\":\"https:\/\/labedutec.fica.unsl.edu.ar\/index.php\/divulgacion\/#breadcrumb\",\"itemListElement\":[{\"@type\":\"ListItem\",\"position\":1,\"name\":\"Inicio\",\"item\":\"https:\/\/labedutec.fica.unsl.edu.ar\/\"},{\"@type\":\"ListItem\",\"position\":2,\"name\":\"Divulgaci\u00f3n\"}]},{\"@type\":\"WebSite\",\"@id\":\"https:\/\/labedutec.fica.unsl.edu.ar\/#website\",\"url\":\"https:\/\/labedutec.fica.unsl.edu.ar\/\",\"name\":\"Laboratorio de Educaci\u00f3n y Tecnolog\u00edas\",\"description\":\"\",\"publisher\":{\"@id\":\"https:\/\/labedutec.fica.unsl.edu.ar\/#organization\"},\"potentialAction\":[{\"@type\":\"SearchAction\",\"target\":{\"@type\":\"EntryPoint\",\"urlTemplate\":\"https:\/\/labedutec.fica.unsl.edu.ar\/?s={search_term_string}\"},\"query-input\":{\"@type\":\"PropertyValueSpecification\",\"valueRequired\":true,\"valueName\":\"search_term_string\"}}],\"inLanguage\":\"es-AR\"},{\"@type\":\"Organization\",\"@id\":\"https:\/\/labedutec.fica.unsl.edu.ar\/#organization\",\"name\":\"Laboratorio de Educaci\u00f3n y Tecnolog\u00edas\",\"url\":\"https:\/\/labedutec.fica.unsl.edu.ar\/\",\"logo\":{\"@type\":\"ImageObject\",\"inLanguage\":\"es-AR\",\"@id\":\"https:\/\/labedutec.fica.unsl.edu.ar\/#\/schema\/logo\/image\/\",\"url\":\"https:\/\/labedutec.fica.unsl.edu.ar\/wp-content\/uploads\/2025\/09\/Logo-1.png\",\"contentUrl\":\"https:\/\/labedutec.fica.unsl.edu.ar\/wp-content\/uploads\/2025\/09\/Logo-1.png\",\"width\":568,\"height\":520,\"caption\":\"Laboratorio de Educaci\u00f3n y Tecnolog\u00edas\"},\"image\":{\"@id\":\"https:\/\/labedutec.fica.unsl.edu.ar\/#\/schema\/logo\/image\/\"}}]}<\/script>\n<!-- \/ Yoast SEO plugin. -->","yoast_head_json":{"title":"Divulgaci\u00f3n - Laboratorio de Educaci\u00f3n y Tecnolog\u00edas","robots":{"index":"index","follow":"follow","max-snippet":"max-snippet:-1","max-image-preview":"max-image-preview:large","max-video-preview":"max-video-preview:-1"},"canonical":"https:\/\/labedutec.fica.unsl.edu.ar\/index.php\/divulgacion\/","og_locale":"es_ES","og_type":"article","og_title":"Divulgaci\u00f3n - Laboratorio de Educaci\u00f3n y Tecnolog\u00edas","og_description":"Soy Leia Acosta, una fot\u00f3grafa apasionada que encuentra inspiraci\u00f3n en capturar la belleza fugaz de la vida.","og_url":"https:\/\/labedutec.fica.unsl.edu.ar\/index.php\/divulgacion\/","og_site_name":"Laboratorio de Educaci\u00f3n y Tecnolog\u00edas","article_modified_time":"2025-09-22T19:01:37+00:00","twitter_card":"summary_large_image","schema":{"@context":"https:\/\/schema.org","@graph":[{"@type":"WebPage","@id":"https:\/\/labedutec.fica.unsl.edu.ar\/index.php\/divulgacion\/","url":"https:\/\/labedutec.fica.unsl.edu.ar\/index.php\/divulgacion\/","name":"Divulgaci\u00f3n - Laboratorio de Educaci\u00f3n y Tecnolog\u00edas","isPartOf":{"@id":"https:\/\/labedutec.fica.unsl.edu.ar\/#website"},"datePublished":"2025-09-22T18:55:38+00:00","dateModified":"2025-09-22T19:01:37+00:00","breadcrumb":{"@id":"https:\/\/labedutec.fica.unsl.edu.ar\/index.php\/divulgacion\/#breadcrumb"},"inLanguage":"es-AR","potentialAction":[{"@type":"ReadAction","target":["https:\/\/labedutec.fica.unsl.edu.ar\/index.php\/divulgacion\/"]}]},{"@type":"BreadcrumbList","@id":"https:\/\/labedutec.fica.unsl.edu.ar\/index.php\/divulgacion\/#breadcrumb","itemListElement":[{"@type":"ListItem","position":1,"name":"Inicio","item":"https:\/\/labedutec.fica.unsl.edu.ar\/"},{"@type":"ListItem","position":2,"name":"Divulgaci\u00f3n"}]},{"@type":"WebSite","@id":"https:\/\/labedutec.fica.unsl.edu.ar\/#website","url":"https:\/\/labedutec.fica.unsl.edu.ar\/","name":"Laboratorio de Educaci\u00f3n y Tecnolog\u00edas","description":"","publisher":{"@id":"https:\/\/labedutec.fica.unsl.edu.ar\/#organization"},"potentialAction":[{"@type":"SearchAction","target":{"@type":"EntryPoint","urlTemplate":"https:\/\/labedutec.fica.unsl.edu.ar\/?s={search_term_string}"},"query-input":{"@type":"PropertyValueSpecification","valueRequired":true,"valueName":"search_term_string"}}],"inLanguage":"es-AR"},{"@type":"Organization","@id":"https:\/\/labedutec.fica.unsl.edu.ar\/#organization","name":"Laboratorio de Educaci\u00f3n y Tecnolog\u00edas","url":"https:\/\/labedutec.fica.unsl.edu.ar\/","logo":{"@type":"ImageObject","inLanguage":"es-AR","@id":"https:\/\/labedutec.fica.unsl.edu.ar\/#\/schema\/logo\/image\/","url":"https:\/\/labedutec.fica.unsl.edu.ar\/wp-content\/uploads\/2025\/09\/Logo-1.png","contentUrl":"https:\/\/labedutec.fica.unsl.edu.ar\/wp-content\/uploads\/2025\/09\/Logo-1.png","width":568,"height":520,"caption":"Laboratorio de Educaci\u00f3n y Tecnolog\u00edas"},"image":{"@id":"https:\/\/labedutec.fica.unsl.edu.ar\/#\/schema\/logo\/image\/"}}]}},"_links":{"self":[{"href":"https:\/\/labedutec.fica.unsl.edu.ar\/index.php\/wp-json\/wp\/v2\/pages\/26","targetHints":{"allow":["GET"]}}],"collection":[{"href":"https:\/\/labedutec.fica.unsl.edu.ar\/index.php\/wp-json\/wp\/v2\/pages"}],"about":[{"href":"https:\/\/labedutec.fica.unsl.edu.ar\/index.php\/wp-json\/wp\/v2\/types\/page"}],"author":[{"embeddable":true,"href":"https:\/\/labedutec.fica.unsl.edu.ar\/index.php\/wp-json\/wp\/v2\/users\/2"}],"replies":[{"embeddable":true,"href":"https:\/\/labedutec.fica.unsl.edu.ar\/index.php\/wp-json\/wp\/v2\/comments?post=26"}],"version-history":[{"count":1,"href":"https:\/\/labedutec.fica.unsl.edu.ar\/index.php\/wp-json\/wp\/v2\/pages\/26\/revisions"}],"predecessor-version":[{"id":27,"href":"https:\/\/labedutec.fica.unsl.edu.ar\/index.php\/wp-json\/wp\/v2\/pages\/26\/revisions\/27"}],"wp:attachment":[{"href":"https:\/\/labedutec.fica.unsl.edu.ar\/index.php\/wp-json\/wp\/v2\/media?parent=26"}],"curies":[{"name":"wp","href":"https:\/\/api.w.org\/{rel}","templated":true}]}}