{"id":30,"date":"2025-09-22T15:58:01","date_gmt":"2025-09-22T18:58:01","guid":{"rendered":"https:\/\/labedutec.fica.unsl.edu.ar\/?page_id=30"},"modified":"2025-09-22T16:01:07","modified_gmt":"2025-09-22T19:01:07","slug":"formacion","status":"publish","type":"page","link":"https:\/\/labedutec.fica.unsl.edu.ar\/index.php\/formacion\/","title":{"rendered":"Formaci\u00f3n"},"content":{"rendered":"\n<div class=\"wp-block-group alignfull has-accent-2-background-color has-background is-layout-constrained wp-container-core-group-is-layout-1 wp-block-group-is-layout-constrained\" style=\"margin-top:0;margin-bottom:0;padding-top:var(--wp--preset--spacing--50);padding-right:var(--wp--preset--spacing--50);padding-bottom:var(--wp--preset--spacing--50);padding-left:var(--wp--preset--spacing--50)\">\n<div class=\"wp-block-columns alignwide is-layout-flex wp-container-core-columns-is-layout-1 wp-block-columns-is-layout-flex\">\n<div class=\"wp-block-column is-layout-flow wp-block-column-is-layout-flow\" style=\"flex-basis:40%\">\n<p class=\"wp-container-content-1\">Galer\u00eda de Arte &#8211; Visi\u00f3n general<\/p>\n<\/div>\n\n\n\n<div class=\"wp-block-column is-layout-flow wp-block-column-is-layout-flow\" style=\"flex-basis:60%\">\n<p class=\"has-heading-font-family has-x-large-font-size\" style=\"line-height:1.2\">Este proyecto transformador pretende mejorar la infraestructura, la accesibilidad y los espacios de exposici\u00f3n de la galer\u00eda, preservando al mismo tiempo su rico patrimonio cultural.<\/p>\n<\/div>\n<\/div>\n\n\n\n<div style=\"height:var(--wp--preset--spacing--40)\" aria-hidden=\"true\" class=\"wp-block-spacer\"><\/div>\n\n\n\n<figure class=\"wp-block-image alignwide size-large is-style-rounded\"><img decoding=\"async\" src=\"https:\/\/labedutec.fica.unsl.edu.ar\/wp-content\/themes\/twentytwentyfour\/assets\/images\/hotel-facade.webp\" alt=\"Hyatt Regency San Francisco, San Francisco, United States\"\/><\/figure>\n<\/div>\n\n\n\n<div class=\"wp-block-group alignfull has-base-background-color has-background is-layout-constrained wp-container-core-group-is-layout-2 wp-block-group-is-layout-constrained\" style=\"margin-top:0;margin-bottom:0;padding-top:var(--wp--preset--spacing--50);padding-right:var(--wp--preset--spacing--50);padding-bottom:var(--wp--preset--spacing--50);padding-left:var(--wp--preset--spacing--50)\">\n<div class=\"wp-block-columns alignwide is-layout-flex wp-container-core-columns-is-layout-3 wp-block-columns-is-layout-flex\">\n<div class=\"wp-block-column is-content-justification-left is-layout-constrained wp-container-core-column-is-layout-3 wp-block-column-is-layout-constrained\" style=\"flex-basis:40%\">\n<p>La revitalizada galer\u00eda de arte est\u00e1 llamada a redefinir el paisaje cultural.<\/p>\n<\/div>\n\n\n\n<div class=\"wp-block-column is-layout-flow wp-container-core-column-is-layout-6 wp-block-column-is-layout-flow\" style=\"flex-basis:60%\">\n<p class=\"has-heading-font-family has-x-large-font-size\" style=\"line-height:1.2\">Con una meticulosa atenci\u00f3n al detalle y un compromiso con la excelencia, creamos espacios que inspiran, elevan y enriquecen la vida de quienes los habitan.<\/p>\n\n\n\n<div class=\"wp-block-columns is-layout-flex wp-container-core-columns-is-layout-2 wp-block-columns-is-layout-flex\">\n<div class=\"wp-block-column is-layout-flow wp-block-column-is-layout-flow\">\n<p class=\"wp-container-content-2\">La revitalizada Galer\u00eda de Arte est\u00e1 llamada a redefinir el paisaje cultural de Toronto, sirviendo de nexo de expresi\u00f3n art\u00edstica, compromiso comunitario y maravilla arquitect\u00f3nica. El proyecto de ampliaci\u00f3n y renovaci\u00f3n rinde homenaje a la rica historia de la Galer\u00eda de Arte al tiempo que abraza el futuro, garantizando que la galer\u00eda siga siendo un faro de inspiraci\u00f3n.<\/p>\n<\/div>\n\n\n\n<div class=\"wp-block-column is-layout-flow wp-block-column-is-layout-flow\">\n<p>La revitalizada Galer\u00eda de Arte est\u00e1 llamada a redefinir el paisaje cultural de Toronto, sirviendo de nexo de expresi\u00f3n art\u00edstica, compromiso comunitario y maravilla arquitect\u00f3nica. El proyecto de ampliaci\u00f3n y renovaci\u00f3n rinde homenaje a la rica historia de la Galer\u00eda de Arte al tiempo que abraza el futuro, garantizando que la galer\u00eda siga siendo un faro de inspiraci\u00f3n.<\/p>\n<\/div>\n<\/div>\n<\/div>\n<\/div>\n<\/div>\n\n\n\n<div class=\"wp-block-cover alignfull is-light has-parallax\" style=\"padding-top:var(--wp--preset--spacing--50);padding-right:var(--wp--preset--spacing--50);padding-bottom:var(--wp--preset--spacing--50);padding-left:var(--wp--preset--spacing--50);min-height:100vh;aspect-ratio:unset;\"><span aria-hidden=\"true\" class=\"wp-block-cover__background has-base-background-color has-background-dim-0 has-background-dim\"><\/span><div class=\"wp-block-cover__image-background has-parallax\" style=\"background-position:50% 50%;background-image:url(https:\/\/labedutec.fica.unsl.edu.ar\/wp-content\/themes\/twentytwentyfour\/assets\/images\/art-gallery.webp)\"><\/div><div class=\"wp-block-cover__inner-container is-layout-constrained wp-container-core-cover-is-layout-1 wp-block-cover-is-layout-constrained\">\n<div style=\"height:500px\" aria-hidden=\"true\" class=\"wp-block-spacer\"><\/div>\n<\/div><\/div>\n\n\n\n<div class=\"wp-block-group alignfull has-base-2-background-color has-background is-layout-constrained wp-container-core-group-is-layout-4 wp-block-group-is-layout-constrained\" style=\"margin-top:0;margin-bottom:0;padding-top:var(--wp--preset--spacing--60);padding-right:var(--wp--preset--spacing--60);padding-bottom:var(--wp--preset--spacing--60);padding-left:var(--wp--preset--spacing--60)\">\n<div class=\"wp-block-group alignwide is-layout-flow wp-block-group-is-layout-flow\">\n<div style=\"height:var(--wp--preset--spacing--50)\" aria-hidden=\"true\" class=\"wp-block-spacer\"><\/div>\n\n\n\n<p class=\"has-text-align-center has-heading-font-family has-x-large-font-size\" style=\"font-style:normal;font-weight:400;line-height:1.2\"><em>\u00c9tudes<\/em> no se limita al pasado \u2014nos apasionan los dise\u00f1os de vanguardia que dan forma a nuestro mundo actual.<\/p>\n\n\n\n<div style=\"height:var(--wp--preset--spacing--50)\" aria-hidden=\"true\" class=\"wp-block-spacer\"><\/div>\n<\/div>\n<\/div>\n\n\n\n<div class=\"wp-block-group alignfull has-base-2-color has-contrast-background-color has-text-color has-background has-link-color wp-elements-64acb873dc376c0611eb2f93e2d5073c is-layout-constrained wp-container-core-group-is-layout-8 wp-block-group-is-layout-constrained\" style=\"margin-top:0;margin-bottom:0;padding-top:var(--wp--preset--spacing--50);padding-right:var(--wp--preset--spacing--50);padding-bottom:var(--wp--preset--spacing--50);padding-left:var(--wp--preset--spacing--50)\">\n<div class=\"wp-block-columns alignwide is-layout-flex wp-container-core-columns-is-layout-4 wp-block-columns-is-layout-flex\">\n<div class=\"wp-block-column is-vertically-aligned-stretch is-layout-flow wp-block-column-is-layout-flow\" style=\"padding-right:0;flex-basis:60%\">\n<div class=\"wp-block-group is-vertical is-content-justification-stretch is-layout-flex wp-container-core-group-is-layout-5 wp-block-group-is-layout-flex\" style=\"min-height:100%\">\n<figure class=\"wp-block-image size-large is-style-rounded\"><img decoding=\"async\" src=\"https:\/\/labedutec.fica.unsl.edu.ar\/wp-content\/themes\/twentytwentyfour\/assets\/images\/angular-roof.webp\" alt=\"Una escalera vac\u00eda bajo un tejado angular en Darling Harbour, Sydney, Australia\" style=\"aspect-ratio:9\/16;object-fit:cover\"\/><\/figure>\n\n\n\n<p class=\"has-medium-font-size\">1. Con \u00c9tudes, aspiramos a redefinir los l\u00edmites de la arquitectura e inaugurar una nueva era de excelencia en el dise\u00f1o que deje una huella indeleble en el entorno construido.<\/p>\n<\/div>\n<\/div>\n\n\n\n<div class=\"wp-block-column is-layout-flow wp-block-column-is-layout-flow\" style=\"flex-basis:40%\">\n<div class=\"wp-block-group is-layout-constrained wp-block-group-is-layout-constrained\">\n<p class=\"has-large-font-size\" style=\"font-style:normal;font-weight:500;line-height:1.2\">Nuestro amplio conjunto de servicios profesionales atiende a una clientela diversa, desde propietarios de viviendas hasta promotores comerciales. Con un compromiso con la innovaci\u00f3n y la sostenibilidad, \u00c9tudes es el puente que transforma los sue\u00f1os arquitect\u00f3nicos en notables realidades construidas.<\/p>\n\n\n\n<div style=\"height:var(--wp--preset--spacing--40)\" aria-hidden=\"true\" class=\"wp-block-spacer\"><\/div>\n\n\n\n<div class=\"wp-block-group is-layout-flow wp-block-group-is-layout-flow\">\n<p class=\"has-medium-font-size\">2. Los casos pr\u00e1cticos que celebran el arte pueden alimentar la curiosidad y encender la inspiraci\u00f3n.<\/p>\n\n\n\n<figure class=\"wp-block-image size-large is-style-rounded\"><img decoding=\"async\" src=\"https:\/\/labedutec.fica.unsl.edu.ar\/wp-content\/themes\/twentytwentyfour\/assets\/images\/art-gallery.webp\" alt=\"Galer\u00eda de Arte de Ontario, Toronto, Canad\u00e1\" style=\"aspect-ratio:9\/16;object-fit:cover\"\/><\/figure>\n<\/div>\n<\/div>\n<\/div>\n<\/div>\n<\/div>\n","protected":false},"excerpt":{"rendered":"<p>Galer\u00eda de Arte &#8211; Visi\u00f3n general Este proyecto transformador pretende mejorar la infraestructura, la accesibilidad y los espacios de exposici\u00f3n [&hellip;]<\/p>\n","protected":false},"author":2,"featured_media":0,"parent":0,"menu_order":2,"comment_status":"closed","ping_status":"closed","template":"","meta":{"site-sidebar-layout":"default","site-content-layout":"","ast-site-content-layout":"default","site-content-style":"default","site-sidebar-style":"default","ast-global-header-display":"","ast-banner-title-visibility":"","ast-main-header-display":"","ast-hfb-above-header-display":"","ast-hfb-below-header-display":"","ast-hfb-mobile-header-display":"","site-post-title":"","ast-breadcrumbs-content":"","ast-featured-img":"","footer-sml-layout":"","theme-transparent-header-meta":"","adv-header-id-meta":"","stick-header-meta":"","header-above-stick-meta":"","header-main-stick-meta":"","header-below-stick-meta":"","astra-migrate-meta-layouts":"default","ast-page-background-enabled":"default","ast-page-background-meta":{"desktop":{"background-color":"var(--ast-global-color-5)","background-image":"","background-repeat":"repeat","background-position":"center center","background-size":"auto","background-attachment":"scroll","background-type":"","background-media":"","overlay-type":"","overlay-color":"","overlay-opacity":"","overlay-gradient":""},"tablet":{"background-color":"","background-image":"","background-repeat":"repeat","background-position":"center center","background-size":"auto","background-attachment":"scroll","background-type":"","background-media":"","overlay-type":"","overlay-color":"","overlay-opacity":"","overlay-gradient":""},"mobile":{"background-color":"","background-image":"","background-repeat":"repeat","background-position":"center center","background-size":"auto","background-attachment":"scroll","background-type":"","background-media":"","overlay-type":"","overlay-color":"","overlay-opacity":"","overlay-gradient":""}},"ast-content-background-meta":{"desktop":{"background-color":"var(--ast-global-color-4)","background-image":"","background-repeat":"repeat","background-position":"center center","background-size":"auto","background-attachment":"scroll","background-type":"","background-media":"","overlay-type":"","overlay-color":"","overlay-opacity":"","overlay-gradient":""},"tablet":{"background-color":"var(--ast-global-color-4)","background-image":"","background-repeat":"repeat","background-position":"center center","background-size":"auto","background-attachment":"scroll","background-type":"","background-media":"","overlay-type":"","overlay-color":"","overlay-opacity":"","overlay-gradient":""},"mobile":{"background-color":"var(--ast-global-color-4)","background-image":"","background-repeat":"repeat","background-position":"center center","background-size":"auto","background-attachment":"scroll","background-type":"","background-media":"","overlay-type":"","overlay-color":"","overlay-opacity":"","overlay-gradient":""}},"footnotes":""},"class_list":["post-30","page","type-page","status-publish","hentry"],"yoast_head":"<!-- This site is optimized with the Yoast SEO plugin v24.0 - https:\/\/yoast.com\/wordpress\/plugins\/seo\/ -->\n<title>Formaci\u00f3n - Laboratorio de Educaci\u00f3n y Tecnolog\u00edas<\/title>\n<meta name=\"robots\" content=\"index, follow, max-snippet:-1, max-image-preview:large, max-video-preview:-1\" \/>\n<link rel=\"canonical\" href=\"https:\/\/labedutec.fica.unsl.edu.ar\/index.php\/formacion\/\" \/>\n<meta property=\"og:locale\" content=\"es_ES\" \/>\n<meta property=\"og:type\" content=\"article\" \/>\n<meta property=\"og:title\" content=\"Formaci\u00f3n - Laboratorio de Educaci\u00f3n y Tecnolog\u00edas\" \/>\n<meta property=\"og:description\" content=\"Galer\u00eda de Arte &#8211; Visi\u00f3n general Este proyecto transformador pretende mejorar la infraestructura, la accesibilidad y los espacios de exposici\u00f3n [&hellip;]\" \/>\n<meta property=\"og:url\" content=\"https:\/\/labedutec.fica.unsl.edu.ar\/index.php\/formacion\/\" \/>\n<meta property=\"og:site_name\" content=\"Laboratorio de Educaci\u00f3n y Tecnolog\u00edas\" \/>\n<meta property=\"article:modified_time\" content=\"2025-09-22T19:01:07+00:00\" \/>\n<meta property=\"og:image\" content=\"https:\/\/labedutec.fica.unsl.edu.ar\/wp-content\/themes\/twentytwentyfour\/assets\/images\/hotel-facade.webp\" \/>\n<meta name=\"twitter:card\" content=\"summary_large_image\" \/>\n<meta name=\"twitter:label1\" content=\"Tiempo de lectura\" \/>\n\t<meta name=\"twitter:data1\" content=\"2 minutos\" \/>\n<script type=\"application\/ld+json\" class=\"yoast-schema-graph\">{\"@context\":\"https:\/\/schema.org\",\"@graph\":[{\"@type\":\"WebPage\",\"@id\":\"https:\/\/labedutec.fica.unsl.edu.ar\/index.php\/formacion\/\",\"url\":\"https:\/\/labedutec.fica.unsl.edu.ar\/index.php\/formacion\/\",\"name\":\"Formaci\u00f3n - Laboratorio de Educaci\u00f3n y Tecnolog\u00edas\",\"isPartOf\":{\"@id\":\"https:\/\/labedutec.fica.unsl.edu.ar\/#website\"},\"primaryImageOfPage\":{\"@id\":\"https:\/\/labedutec.fica.unsl.edu.ar\/index.php\/formacion\/#primaryimage\"},\"image\":{\"@id\":\"https:\/\/labedutec.fica.unsl.edu.ar\/index.php\/formacion\/#primaryimage\"},\"thumbnailUrl\":\"https:\/\/labedutec.fica.unsl.edu.ar\/wp-content\/themes\/twentytwentyfour\/assets\/images\/hotel-facade.webp\",\"datePublished\":\"2025-09-22T18:58:01+00:00\",\"dateModified\":\"2025-09-22T19:01:07+00:00\",\"breadcrumb\":{\"@id\":\"https:\/\/labedutec.fica.unsl.edu.ar\/index.php\/formacion\/#breadcrumb\"},\"inLanguage\":\"es-AR\",\"potentialAction\":[{\"@type\":\"ReadAction\",\"target\":[\"https:\/\/labedutec.fica.unsl.edu.ar\/index.php\/formacion\/\"]}]},{\"@type\":\"ImageObject\",\"inLanguage\":\"es-AR\",\"@id\":\"https:\/\/labedutec.fica.unsl.edu.ar\/index.php\/formacion\/#primaryimage\",\"url\":\"https:\/\/labedutec.fica.unsl.edu.ar\/wp-content\/themes\/twentytwentyfour\/assets\/images\/hotel-facade.webp\",\"contentUrl\":\"https:\/\/labedutec.fica.unsl.edu.ar\/wp-content\/themes\/twentytwentyfour\/assets\/images\/hotel-facade.webp\"},{\"@type\":\"BreadcrumbList\",\"@id\":\"https:\/\/labedutec.fica.unsl.edu.ar\/index.php\/formacion\/#breadcrumb\",\"itemListElement\":[{\"@type\":\"ListItem\",\"position\":1,\"name\":\"Inicio\",\"item\":\"https:\/\/labedutec.fica.unsl.edu.ar\/\"},{\"@type\":\"ListItem\",\"position\":2,\"name\":\"Formaci\u00f3n\"}]},{\"@type\":\"WebSite\",\"@id\":\"https:\/\/labedutec.fica.unsl.edu.ar\/#website\",\"url\":\"https:\/\/labedutec.fica.unsl.edu.ar\/\",\"name\":\"Laboratorio de Educaci\u00f3n y Tecnolog\u00edas\",\"description\":\"\",\"publisher\":{\"@id\":\"https:\/\/labedutec.fica.unsl.edu.ar\/#organization\"},\"potentialAction\":[{\"@type\":\"SearchAction\",\"target\":{\"@type\":\"EntryPoint\",\"urlTemplate\":\"https:\/\/labedutec.fica.unsl.edu.ar\/?s={search_term_string}\"},\"query-input\":{\"@type\":\"PropertyValueSpecification\",\"valueRequired\":true,\"valueName\":\"search_term_string\"}}],\"inLanguage\":\"es-AR\"},{\"@type\":\"Organization\",\"@id\":\"https:\/\/labedutec.fica.unsl.edu.ar\/#organization\",\"name\":\"Laboratorio de Educaci\u00f3n y Tecnolog\u00edas\",\"url\":\"https:\/\/labedutec.fica.unsl.edu.ar\/\",\"logo\":{\"@type\":\"ImageObject\",\"inLanguage\":\"es-AR\",\"@id\":\"https:\/\/labedutec.fica.unsl.edu.ar\/#\/schema\/logo\/image\/\",\"url\":\"https:\/\/labedutec.fica.unsl.edu.ar\/wp-content\/uploads\/2025\/09\/Logo-1.png\",\"contentUrl\":\"https:\/\/labedutec.fica.unsl.edu.ar\/wp-content\/uploads\/2025\/09\/Logo-1.png\",\"width\":568,\"height\":520,\"caption\":\"Laboratorio de Educaci\u00f3n y Tecnolog\u00edas\"},\"image\":{\"@id\":\"https:\/\/labedutec.fica.unsl.edu.ar\/#\/schema\/logo\/image\/\"}}]}<\/script>\n<!-- \/ Yoast SEO plugin. -->","yoast_head_json":{"title":"Formaci\u00f3n - Laboratorio de Educaci\u00f3n y Tecnolog\u00edas","robots":{"index":"index","follow":"follow","max-snippet":"max-snippet:-1","max-image-preview":"max-image-preview:large","max-video-preview":"max-video-preview:-1"},"canonical":"https:\/\/labedutec.fica.unsl.edu.ar\/index.php\/formacion\/","og_locale":"es_ES","og_type":"article","og_title":"Formaci\u00f3n - Laboratorio de Educaci\u00f3n y Tecnolog\u00edas","og_description":"Galer\u00eda de Arte &#8211; Visi\u00f3n general Este proyecto transformador pretende mejorar la infraestructura, la accesibilidad y los espacios de exposici\u00f3n [&hellip;]","og_url":"https:\/\/labedutec.fica.unsl.edu.ar\/index.php\/formacion\/","og_site_name":"Laboratorio de Educaci\u00f3n y Tecnolog\u00edas","article_modified_time":"2025-09-22T19:01:07+00:00","og_image":[{"url":"https:\/\/labedutec.fica.unsl.edu.ar\/wp-content\/themes\/twentytwentyfour\/assets\/images\/hotel-facade.webp","type":"","width":"","height":""}],"twitter_card":"summary_large_image","twitter_misc":{"Tiempo de lectura":"2 minutos"},"schema":{"@context":"https:\/\/schema.org","@graph":[{"@type":"WebPage","@id":"https:\/\/labedutec.fica.unsl.edu.ar\/index.php\/formacion\/","url":"https:\/\/labedutec.fica.unsl.edu.ar\/index.php\/formacion\/","name":"Formaci\u00f3n - Laboratorio de Educaci\u00f3n y Tecnolog\u00edas","isPartOf":{"@id":"https:\/\/labedutec.fica.unsl.edu.ar\/#website"},"primaryImageOfPage":{"@id":"https:\/\/labedutec.fica.unsl.edu.ar\/index.php\/formacion\/#primaryimage"},"image":{"@id":"https:\/\/labedutec.fica.unsl.edu.ar\/index.php\/formacion\/#primaryimage"},"thumbnailUrl":"https:\/\/labedutec.fica.unsl.edu.ar\/wp-content\/themes\/twentytwentyfour\/assets\/images\/hotel-facade.webp","datePublished":"2025-09-22T18:58:01+00:00","dateModified":"2025-09-22T19:01:07+00:00","breadcrumb":{"@id":"https:\/\/labedutec.fica.unsl.edu.ar\/index.php\/formacion\/#breadcrumb"},"inLanguage":"es-AR","potentialAction":[{"@type":"ReadAction","target":["https:\/\/labedutec.fica.unsl.edu.ar\/index.php\/formacion\/"]}]},{"@type":"ImageObject","inLanguage":"es-AR","@id":"https:\/\/labedutec.fica.unsl.edu.ar\/index.php\/formacion\/#primaryimage","url":"https:\/\/labedutec.fica.unsl.edu.ar\/wp-content\/themes\/twentytwentyfour\/assets\/images\/hotel-facade.webp","contentUrl":"https:\/\/labedutec.fica.unsl.edu.ar\/wp-content\/themes\/twentytwentyfour\/assets\/images\/hotel-facade.webp"},{"@type":"BreadcrumbList","@id":"https:\/\/labedutec.fica.unsl.edu.ar\/index.php\/formacion\/#breadcrumb","itemListElement":[{"@type":"ListItem","position":1,"name":"Inicio","item":"https:\/\/labedutec.fica.unsl.edu.ar\/"},{"@type":"ListItem","position":2,"name":"Formaci\u00f3n"}]},{"@type":"WebSite","@id":"https:\/\/labedutec.fica.unsl.edu.ar\/#website","url":"https:\/\/labedutec.fica.unsl.edu.ar\/","name":"Laboratorio de Educaci\u00f3n y Tecnolog\u00edas","description":"","publisher":{"@id":"https:\/\/labedutec.fica.unsl.edu.ar\/#organization"},"potentialAction":[{"@type":"SearchAction","target":{"@type":"EntryPoint","urlTemplate":"https:\/\/labedutec.fica.unsl.edu.ar\/?s={search_term_string}"},"query-input":{"@type":"PropertyValueSpecification","valueRequired":true,"valueName":"search_term_string"}}],"inLanguage":"es-AR"},{"@type":"Organization","@id":"https:\/\/labedutec.fica.unsl.edu.ar\/#organization","name":"Laboratorio de Educaci\u00f3n y Tecnolog\u00edas","url":"https:\/\/labedutec.fica.unsl.edu.ar\/","logo":{"@type":"ImageObject","inLanguage":"es-AR","@id":"https:\/\/labedutec.fica.unsl.edu.ar\/#\/schema\/logo\/image\/","url":"https:\/\/labedutec.fica.unsl.edu.ar\/wp-content\/uploads\/2025\/09\/Logo-1.png","contentUrl":"https:\/\/labedutec.fica.unsl.edu.ar\/wp-content\/uploads\/2025\/09\/Logo-1.png","width":568,"height":520,"caption":"Laboratorio de Educaci\u00f3n y Tecnolog\u00edas"},"image":{"@id":"https:\/\/labedutec.fica.unsl.edu.ar\/#\/schema\/logo\/image\/"}}]}},"_links":{"self":[{"href":"https:\/\/labedutec.fica.unsl.edu.ar\/index.php\/wp-json\/wp\/v2\/pages\/30","targetHints":{"allow":["GET"]}}],"collection":[{"href":"https:\/\/labedutec.fica.unsl.edu.ar\/index.php\/wp-json\/wp\/v2\/pages"}],"about":[{"href":"https:\/\/labedutec.fica.unsl.edu.ar\/index.php\/wp-json\/wp\/v2\/types\/page"}],"author":[{"embeddable":true,"href":"https:\/\/labedutec.fica.unsl.edu.ar\/index.php\/wp-json\/wp\/v2\/users\/2"}],"replies":[{"embeddable":true,"href":"https:\/\/labedutec.fica.unsl.edu.ar\/index.php\/wp-json\/wp\/v2\/comments?post=30"}],"version-history":[{"count":1,"href":"https:\/\/labedutec.fica.unsl.edu.ar\/index.php\/wp-json\/wp\/v2\/pages\/30\/revisions"}],"predecessor-version":[{"id":31,"href":"https:\/\/labedutec.fica.unsl.edu.ar\/index.php\/wp-json\/wp\/v2\/pages\/30\/revisions\/31"}],"wp:attachment":[{"href":"https:\/\/labedutec.fica.unsl.edu.ar\/index.php\/wp-json\/wp\/v2\/media?parent=30"}],"curies":[{"name":"wp","href":"https:\/\/api.w.org\/{rel}","templated":true}]}}