{"id":34,"date":"2025-09-22T16:06:15","date_gmt":"2025-09-22T19:06:15","guid":{"rendered":"https:\/\/labedutec.fica.unsl.edu.ar\/?page_id=34"},"modified":"2025-09-26T15:56:05","modified_gmt":"2025-09-26T18:56:05","slug":"contacto","status":"publish","type":"page","link":"https:\/\/labedutec.fica.unsl.edu.ar\/index.php\/contacto\/","title":{"rendered":"Contacto"},"content":{"rendered":"\n<div class=\"wp-block-group alignfull has-accent-3-background-color has-background is-vertical is-content-justification-center is-layout-flex wp-container-core-group-is-layout-2 wp-block-group-is-layout-flex\" style=\"min-height:100vh;margin-top:0;margin-bottom:0;padding-top:var(--wp--preset--spacing--60);padding-right:var(--wp--preset--spacing--50);padding-bottom:var(--wp--preset--spacing--60);padding-left:var(--wp--preset--spacing--50)\">\n<div class=\"wp-block-group is-layout-constrained wp-block-group-is-layout-constrained\">\n<figure class=\"wp-block-image aligncenter size-full is-resized\"><img decoding=\"async\" src=\"https:\/\/labedutec.fica.unsl.edu.ar\/wp-content\/themes\/twentytwentyfour\/assets\/images\/icon-message.webp\" alt=\"\" style=\"object-fit:cover;width:45px;height:49px\"\/><\/figure>\n\n\n\n<div style=\"height:var(--wp--preset--spacing--10)\" aria-hidden=\"true\" class=\"wp-block-spacer\"><\/div>\n\n\n\n<h2 class=\"wp-block-heading has-text-align-center has-contrast-color has-text-color has-link-color has-x-large-font-size wp-elements-bf92593441ed6dd4f8aa70c3361f00c3\" style=\"margin-right:0;margin-left:0;padding-right:0;padding-left:0\">Suscr\u00edbite al bolet\u00edn y mantenete conectado con nuestra comunidad<\/h2>\n\n\n\n<div style=\"height:var(--wp--preset--spacing--10)\" aria-hidden=\"true\" class=\"wp-block-spacer\"><\/div>\n\n\n\n<div class=\"wp-block-buttons is-content-justification-center is-layout-flex wp-container-core-buttons-is-layout-1 wp-block-buttons-is-layout-flex\">\n<div class=\"wp-block-button\"><a class=\"wp-block-button__link wp-element-button\">Registro<\/a><\/div>\n<\/div>\n<\/div>\n<\/div>\n\n\n\n<pre class=\"wp-block-code\"><code><\/code><\/pre>\n\n\n\n<style id=\"wpforms-css-vars-54\">\n\t\t\t\t#wpforms-54 {\n\t\t\t\t--wpforms-container-padding: 0px;\n--wpforms-container-border-width: 1px;\n--wpforms-container-border-radius: 3px;\n--wpforms-background-color: rgba(0, 0, 0, 0);\n--wpforms-field-size-input-height: 43px;\n--wpforms-field-size-input-spacing: 15px;\n--wpforms-field-size-font-size: 16px;\n--wpforms-field-size-line-height: 19px;\n--wpforms-field-size-padding-h: 14px;\n--wpforms-field-size-checkbox-size: 16px;\n--wpforms-field-size-sublabel-spacing: 5px;\n--wpforms-field-size-icon-size: 1;\n--wpforms-label-size-font-size: 16px;\n--wpforms-label-size-line-height: 19px;\n--wpforms-label-size-sublabel-font-size: 14px;\n--wpforms-label-size-sublabel-line-height: 17px;\n--wpforms-button-size-font-size: 17px;\n--wpforms-button-size-height: 41px;\n--wpforms-button-size-padding-h: 15px;\n--wpforms-button-size-margin-top: 10px;\n--wpforms-container-shadow-size-box-shadow: none;\n\n\t\t\t}\n\t\t\t<\/style><div class=\"wpforms-container wpforms-container-full wpforms-render-modern\" id=\"wpforms-54\"><form id=\"wpforms-form-54\" class=\"wpforms-validate wpforms-form wpforms-ajax-form\" data-formid=\"54\" method=\"post\" enctype=\"multipart\/form-data\" action=\"\/index.php\/wp-json\/wp\/v2\/pages\/34\" data-token=\"54135c26a93353cd2025a6c2ff65dd1f\" data-token-time=\"1775645107\"><noscript class=\"wpforms-error-noscript\">Please enable JavaScript in your browser to complete this form.<\/noscript><div id=\"wpforms-error-noscript\" style=\"display: none;\">Please enable JavaScript in your browser to complete this form.<\/div><div class=\"wpforms-field-container\">\t\t<div id=\"wpforms-54-field_4-container\"\n\t\t\tclass=\"wpforms-field wpforms-field-text\"\n\t\t\tdata-field-type=\"text\"\n\t\t\tdata-field-id=\"4\"\n\t\t\t>\n\t\t\t<label class=\"wpforms-field-label\" for=\"wpforms-54-field_4\" >Mensaje Email Nombre<\/label>\n\t\t\t<input type=\"text\" id=\"wpforms-54-field_4\" class=\"wpforms-field-medium\" name=\"wpforms[fields][4]\" >\n\t\t<\/div>\n\t\t<div id=\"wpforms-54-field_1-container\" class=\"wpforms-field wpforms-field-name\" data-field-id=\"1\"><label class=\"wpforms-field-label\" for=\"wpforms-54-field_1\">Nombre y apellido <span class=\"wpforms-required-label\" aria-hidden=\"true\">*<\/span><\/label><input type=\"text\" id=\"wpforms-54-field_1\" class=\"wpforms-field-medium wpforms-field-required\" name=\"wpforms[fields][1]\" aria-errormessage=\"wpforms-54-field_1-error\" required><\/div><div id=\"wpforms-54-field_2-container\" class=\"wpforms-field wpforms-field-email\" data-field-id=\"2\"><label class=\"wpforms-field-label\" for=\"wpforms-54-field_2\">Email <span class=\"wpforms-required-label\" aria-hidden=\"true\">*<\/span><\/label><input type=\"email\" id=\"wpforms-54-field_2\" class=\"wpforms-field-medium wpforms-field-required\" name=\"wpforms[fields][2]\" spellcheck=\"false\" aria-errormessage=\"wpforms-54-field_2-error\" required><\/div><div id=\"wpforms-54-field_3-container\" class=\"wpforms-field wpforms-field-textarea\" data-field-id=\"3\"><label class=\"wpforms-field-label\" for=\"wpforms-54-field_3\">Mensaje <span class=\"wpforms-required-label\" aria-hidden=\"true\">*<\/span><\/label><textarea id=\"wpforms-54-field_3\" class=\"wpforms-field-medium wpforms-field-required\" name=\"wpforms[fields][3]\" aria-errormessage=\"wpforms-54-field_3-error\" required><\/textarea><\/div><script>\n\t\t\t\t( function() {\n\t\t\t\t\tconst style = document.createElement( 'style' );\n\t\t\t\t\tstyle.appendChild( document.createTextNode( '#wpforms-54-field_4-container { position: absolute !important; overflow: hidden !important; display: inline !important; height: 1px !important; width: 1px !important; z-index: -1000 !important; padding: 0 !important; } #wpforms-54-field_4-container input { visibility: hidden; } #wpforms-conversational-form-page #wpforms-54-field_4-container label { counter-increment: none; }' ) );\n\t\t\t\t\tdocument.head.appendChild( style );\n\t\t\t\t\tdocument.currentScript?.remove();\n\t\t\t\t} )();\n\t\t\t<\/script><\/div><!-- .wpforms-field-container --><div class=\"wpforms-submit-container\" ><input type=\"hidden\" name=\"wpforms[id]\" value=\"54\"><input type=\"hidden\" name=\"page_title\" value=\"\"><input type=\"hidden\" name=\"page_url\" value=\"https:\/\/labedutec.fica.unsl.edu.ar\/index.php\/wp-json\/wp\/v2\/pages\/34\"><input type=\"hidden\" name=\"url_referer\" value=\"\"><button type=\"submit\" name=\"wpforms[submit]\" id=\"wpforms-submit-54\" class=\"wpforms-submit\" data-alt-text=\"Sending...\" data-submit-text=\"Submit\" aria-live=\"assertive\" value=\"wpforms-submit\">Submit<\/button><img decoding=\"async\" src=\"https:\/\/labedutec.fica.unsl.edu.ar\/wp-content\/plugins\/wpforms-lite\/assets\/images\/submit-spin.svg\" class=\"wpforms-submit-spinner\" style=\"display: none;\" width=\"26\" height=\"26\" alt=\"Loading\"><\/div><\/form><\/div>  <!-- .wpforms-container -->\n","protected":false},"excerpt":{"rendered":"<p>Suscr\u00edbite al bolet\u00edn y mantenete conectado con nuestra comunidad<\/p>\n","protected":false},"author":2,"featured_media":0,"parent":0,"menu_order":5,"comment_status":"closed","ping_status":"closed","template":"","meta":{"site-sidebar-layout":"default","site-content-layout":"","ast-site-content-layout":"default","site-content-style":"default","site-sidebar-style":"default","ast-global-header-display":"","ast-banner-title-visibility":"","ast-main-header-display":"","ast-hfb-above-header-display":"","ast-hfb-below-header-display":"","ast-hfb-mobile-header-display":"","site-post-title":"","ast-breadcrumbs-content":"","ast-featured-img":"","footer-sml-layout":"","theme-transparent-header-meta":"","adv-header-id-meta":"","stick-header-meta":"","header-above-stick-meta":"","header-main-stick-meta":"","header-below-stick-meta":"","astra-migrate-meta-layouts":"default","ast-page-background-enabled":"default","ast-page-background-meta":{"desktop":{"background-color":"var(--ast-global-color-5)","background-image":"","background-repeat":"repeat","background-position":"center center","background-size":"auto","background-attachment":"scroll","background-type":"","background-media":"","overlay-type":"","overlay-color":"","overlay-opacity":"","overlay-gradient":""},"tablet":{"background-color":"","background-image":"","background-repeat":"repeat","background-position":"center center","background-size":"auto","background-attachment":"scroll","background-type":"","background-media":"","overlay-type":"","overlay-color":"","overlay-opacity":"","overlay-gradient":""},"mobile":{"background-color":"","background-image":"","background-repeat":"repeat","background-position":"center center","background-size":"auto","background-attachment":"scroll","background-type":"","background-media":"","overlay-type":"","overlay-color":"","overlay-opacity":"","overlay-gradient":""}},"ast-content-background-meta":{"desktop":{"background-color":"var(--ast-global-color-4)","background-image":"","background-repeat":"repeat","background-position":"center center","background-size":"auto","background-attachment":"scroll","background-type":"","background-media":"","overlay-type":"","overlay-color":"","overlay-opacity":"","overlay-gradient":""},"tablet":{"background-color":"var(--ast-global-color-4)","background-image":"","background-repeat":"repeat","background-position":"center center","background-size":"auto","background-attachment":"scroll","background-type":"","background-media":"","overlay-type":"","overlay-color":"","overlay-opacity":"","overlay-gradient":""},"mobile":{"background-color":"var(--ast-global-color-4)","background-image":"","background-repeat":"repeat","background-position":"center center","background-size":"auto","background-attachment":"scroll","background-type":"","background-media":"","overlay-type":"","overlay-color":"","overlay-opacity":"","overlay-gradient":""}},"footnotes":""},"class_list":["post-34","page","type-page","status-publish","hentry"],"yoast_head":"<!-- This site is optimized with the Yoast SEO plugin v24.0 - https:\/\/yoast.com\/wordpress\/plugins\/seo\/ -->\n<title>Contacto - Laboratorio de Educaci\u00f3n y Tecnolog\u00edas<\/title>\n<meta name=\"robots\" content=\"index, follow, max-snippet:-1, max-image-preview:large, max-video-preview:-1\" \/>\n<link rel=\"canonical\" href=\"https:\/\/labedutec.fica.unsl.edu.ar\/index.php\/contacto\/\" \/>\n<meta property=\"og:locale\" content=\"es_ES\" \/>\n<meta property=\"og:type\" content=\"article\" \/>\n<meta property=\"og:title\" content=\"Contacto - Laboratorio de Educaci\u00f3n y Tecnolog\u00edas\" \/>\n<meta property=\"og:description\" content=\"Suscr\u00edbite al bolet\u00edn y mantenete conectado con nuestra comunidad\" \/>\n<meta property=\"og:url\" content=\"https:\/\/labedutec.fica.unsl.edu.ar\/index.php\/contacto\/\" \/>\n<meta property=\"og:site_name\" content=\"Laboratorio de Educaci\u00f3n y Tecnolog\u00edas\" \/>\n<meta property=\"article:modified_time\" content=\"2025-09-26T18:56:05+00:00\" \/>\n<meta property=\"og:image\" content=\"https:\/\/labedutec.fica.unsl.edu.ar\/wp-content\/themes\/twentytwentyfour\/assets\/images\/icon-message.webp\" \/>\n<meta name=\"twitter:card\" content=\"summary_large_image\" \/>\n<meta name=\"twitter:label1\" content=\"Tiempo de lectura\" \/>\n\t<meta name=\"twitter:data1\" content=\"1 minuto\" \/>\n<script type=\"application\/ld+json\" class=\"yoast-schema-graph\">{\"@context\":\"https:\/\/schema.org\",\"@graph\":[{\"@type\":\"WebPage\",\"@id\":\"https:\/\/labedutec.fica.unsl.edu.ar\/index.php\/contacto\/\",\"url\":\"https:\/\/labedutec.fica.unsl.edu.ar\/index.php\/contacto\/\",\"name\":\"Contacto - Laboratorio de Educaci\u00f3n y Tecnolog\u00edas\",\"isPartOf\":{\"@id\":\"https:\/\/labedutec.fica.unsl.edu.ar\/#website\"},\"primaryImageOfPage\":{\"@id\":\"https:\/\/labedutec.fica.unsl.edu.ar\/index.php\/contacto\/#primaryimage\"},\"image\":{\"@id\":\"https:\/\/labedutec.fica.unsl.edu.ar\/index.php\/contacto\/#primaryimage\"},\"thumbnailUrl\":\"https:\/\/labedutec.fica.unsl.edu.ar\/wp-content\/themes\/twentytwentyfour\/assets\/images\/icon-message.webp\",\"datePublished\":\"2025-09-22T19:06:15+00:00\",\"dateModified\":\"2025-09-26T18:56:05+00:00\",\"breadcrumb\":{\"@id\":\"https:\/\/labedutec.fica.unsl.edu.ar\/index.php\/contacto\/#breadcrumb\"},\"inLanguage\":\"es-AR\",\"potentialAction\":[{\"@type\":\"ReadAction\",\"target\":[\"https:\/\/labedutec.fica.unsl.edu.ar\/index.php\/contacto\/\"]}]},{\"@type\":\"ImageObject\",\"inLanguage\":\"es-AR\",\"@id\":\"https:\/\/labedutec.fica.unsl.edu.ar\/index.php\/contacto\/#primaryimage\",\"url\":\"https:\/\/labedutec.fica.unsl.edu.ar\/wp-content\/themes\/twentytwentyfour\/assets\/images\/icon-message.webp\",\"contentUrl\":\"https:\/\/labedutec.fica.unsl.edu.ar\/wp-content\/themes\/twentytwentyfour\/assets\/images\/icon-message.webp\"},{\"@type\":\"BreadcrumbList\",\"@id\":\"https:\/\/labedutec.fica.unsl.edu.ar\/index.php\/contacto\/#breadcrumb\",\"itemListElement\":[{\"@type\":\"ListItem\",\"position\":1,\"name\":\"Inicio\",\"item\":\"https:\/\/labedutec.fica.unsl.edu.ar\/\"},{\"@type\":\"ListItem\",\"position\":2,\"name\":\"Contacto\"}]},{\"@type\":\"WebSite\",\"@id\":\"https:\/\/labedutec.fica.unsl.edu.ar\/#website\",\"url\":\"https:\/\/labedutec.fica.unsl.edu.ar\/\",\"name\":\"Laboratorio de Educaci\u00f3n y Tecnolog\u00edas\",\"description\":\"\",\"publisher\":{\"@id\":\"https:\/\/labedutec.fica.unsl.edu.ar\/#organization\"},\"potentialAction\":[{\"@type\":\"SearchAction\",\"target\":{\"@type\":\"EntryPoint\",\"urlTemplate\":\"https:\/\/labedutec.fica.unsl.edu.ar\/?s={search_term_string}\"},\"query-input\":{\"@type\":\"PropertyValueSpecification\",\"valueRequired\":true,\"valueName\":\"search_term_string\"}}],\"inLanguage\":\"es-AR\"},{\"@type\":\"Organization\",\"@id\":\"https:\/\/labedutec.fica.unsl.edu.ar\/#organization\",\"name\":\"Laboratorio de Educaci\u00f3n y Tecnolog\u00edas\",\"url\":\"https:\/\/labedutec.fica.unsl.edu.ar\/\",\"logo\":{\"@type\":\"ImageObject\",\"inLanguage\":\"es-AR\",\"@id\":\"https:\/\/labedutec.fica.unsl.edu.ar\/#\/schema\/logo\/image\/\",\"url\":\"https:\/\/labedutec.fica.unsl.edu.ar\/wp-content\/uploads\/2025\/09\/Logo-1.png\",\"contentUrl\":\"https:\/\/labedutec.fica.unsl.edu.ar\/wp-content\/uploads\/2025\/09\/Logo-1.png\",\"width\":568,\"height\":520,\"caption\":\"Laboratorio de Educaci\u00f3n y Tecnolog\u00edas\"},\"image\":{\"@id\":\"https:\/\/labedutec.fica.unsl.edu.ar\/#\/schema\/logo\/image\/\"}}]}<\/script>\n<!-- \/ Yoast SEO plugin. -->","yoast_head_json":{"title":"Contacto - Laboratorio de Educaci\u00f3n y Tecnolog\u00edas","robots":{"index":"index","follow":"follow","max-snippet":"max-snippet:-1","max-image-preview":"max-image-preview:large","max-video-preview":"max-video-preview:-1"},"canonical":"https:\/\/labedutec.fica.unsl.edu.ar\/index.php\/contacto\/","og_locale":"es_ES","og_type":"article","og_title":"Contacto - Laboratorio de Educaci\u00f3n y Tecnolog\u00edas","og_description":"Suscr\u00edbite al bolet\u00edn y mantenete conectado con nuestra comunidad","og_url":"https:\/\/labedutec.fica.unsl.edu.ar\/index.php\/contacto\/","og_site_name":"Laboratorio de Educaci\u00f3n y Tecnolog\u00edas","article_modified_time":"2025-09-26T18:56:05+00:00","og_image":[{"url":"https:\/\/labedutec.fica.unsl.edu.ar\/wp-content\/themes\/twentytwentyfour\/assets\/images\/icon-message.webp","type":"","width":"","height":""}],"twitter_card":"summary_large_image","twitter_misc":{"Tiempo de lectura":"1 minuto"},"schema":{"@context":"https:\/\/schema.org","@graph":[{"@type":"WebPage","@id":"https:\/\/labedutec.fica.unsl.edu.ar\/index.php\/contacto\/","url":"https:\/\/labedutec.fica.unsl.edu.ar\/index.php\/contacto\/","name":"Contacto - Laboratorio de Educaci\u00f3n y Tecnolog\u00edas","isPartOf":{"@id":"https:\/\/labedutec.fica.unsl.edu.ar\/#website"},"primaryImageOfPage":{"@id":"https:\/\/labedutec.fica.unsl.edu.ar\/index.php\/contacto\/#primaryimage"},"image":{"@id":"https:\/\/labedutec.fica.unsl.edu.ar\/index.php\/contacto\/#primaryimage"},"thumbnailUrl":"https:\/\/labedutec.fica.unsl.edu.ar\/wp-content\/themes\/twentytwentyfour\/assets\/images\/icon-message.webp","datePublished":"2025-09-22T19:06:15+00:00","dateModified":"2025-09-26T18:56:05+00:00","breadcrumb":{"@id":"https:\/\/labedutec.fica.unsl.edu.ar\/index.php\/contacto\/#breadcrumb"},"inLanguage":"es-AR","potentialAction":[{"@type":"ReadAction","target":["https:\/\/labedutec.fica.unsl.edu.ar\/index.php\/contacto\/"]}]},{"@type":"ImageObject","inLanguage":"es-AR","@id":"https:\/\/labedutec.fica.unsl.edu.ar\/index.php\/contacto\/#primaryimage","url":"https:\/\/labedutec.fica.unsl.edu.ar\/wp-content\/themes\/twentytwentyfour\/assets\/images\/icon-message.webp","contentUrl":"https:\/\/labedutec.fica.unsl.edu.ar\/wp-content\/themes\/twentytwentyfour\/assets\/images\/icon-message.webp"},{"@type":"BreadcrumbList","@id":"https:\/\/labedutec.fica.unsl.edu.ar\/index.php\/contacto\/#breadcrumb","itemListElement":[{"@type":"ListItem","position":1,"name":"Inicio","item":"https:\/\/labedutec.fica.unsl.edu.ar\/"},{"@type":"ListItem","position":2,"name":"Contacto"}]},{"@type":"WebSite","@id":"https:\/\/labedutec.fica.unsl.edu.ar\/#website","url":"https:\/\/labedutec.fica.unsl.edu.ar\/","name":"Laboratorio de Educaci\u00f3n y Tecnolog\u00edas","description":"","publisher":{"@id":"https:\/\/labedutec.fica.unsl.edu.ar\/#organization"},"potentialAction":[{"@type":"SearchAction","target":{"@type":"EntryPoint","urlTemplate":"https:\/\/labedutec.fica.unsl.edu.ar\/?s={search_term_string}"},"query-input":{"@type":"PropertyValueSpecification","valueRequired":true,"valueName":"search_term_string"}}],"inLanguage":"es-AR"},{"@type":"Organization","@id":"https:\/\/labedutec.fica.unsl.edu.ar\/#organization","name":"Laboratorio de Educaci\u00f3n y Tecnolog\u00edas","url":"https:\/\/labedutec.fica.unsl.edu.ar\/","logo":{"@type":"ImageObject","inLanguage":"es-AR","@id":"https:\/\/labedutec.fica.unsl.edu.ar\/#\/schema\/logo\/image\/","url":"https:\/\/labedutec.fica.unsl.edu.ar\/wp-content\/uploads\/2025\/09\/Logo-1.png","contentUrl":"https:\/\/labedutec.fica.unsl.edu.ar\/wp-content\/uploads\/2025\/09\/Logo-1.png","width":568,"height":520,"caption":"Laboratorio de Educaci\u00f3n y Tecnolog\u00edas"},"image":{"@id":"https:\/\/labedutec.fica.unsl.edu.ar\/#\/schema\/logo\/image\/"}}]}},"_links":{"self":[{"href":"https:\/\/labedutec.fica.unsl.edu.ar\/index.php\/wp-json\/wp\/v2\/pages\/34","targetHints":{"allow":["GET"]}}],"collection":[{"href":"https:\/\/labedutec.fica.unsl.edu.ar\/index.php\/wp-json\/wp\/v2\/pages"}],"about":[{"href":"https:\/\/labedutec.fica.unsl.edu.ar\/index.php\/wp-json\/wp\/v2\/types\/page"}],"author":[{"embeddable":true,"href":"https:\/\/labedutec.fica.unsl.edu.ar\/index.php\/wp-json\/wp\/v2\/users\/2"}],"replies":[{"embeddable":true,"href":"https:\/\/labedutec.fica.unsl.edu.ar\/index.php\/wp-json\/wp\/v2\/comments?post=34"}],"version-history":[{"count":6,"href":"https:\/\/labedutec.fica.unsl.edu.ar\/index.php\/wp-json\/wp\/v2\/pages\/34\/revisions"}],"predecessor-version":[{"id":95,"href":"https:\/\/labedutec.fica.unsl.edu.ar\/index.php\/wp-json\/wp\/v2\/pages\/34\/revisions\/95"}],"wp:attachment":[{"href":"https:\/\/labedutec.fica.unsl.edu.ar\/index.php\/wp-json\/wp\/v2\/media?parent=34"}],"curies":[{"name":"wp","href":"https:\/\/api.w.org\/{rel}","templated":true}]}}