{"id":79,"date":"2025-09-26T14:52:55","date_gmt":"2025-09-26T17:52:55","guid":{"rendered":"https:\/\/labedutec.fica.unsl.edu.ar\/?page_id=79"},"modified":"2025-09-26T15:32:05","modified_gmt":"2025-09-26T18:32:05","slug":"proyectos-de-investigacion","status":"publish","type":"page","link":"https:\/\/labedutec.fica.unsl.edu.ar\/index.php\/proyectos-de-investigacion\/","title":{"rendered":"Proyectos de investigaci\u00f3n"},"content":{"rendered":"\n<blockquote class=\"wp-block-quote is-layout-flow wp-block-quote-is-layout-flow\">\n<p class=\"has-heading-font-family has-large-font-size\" style=\"line-height:1.2\">Nuestro proyecto busca transformar la educaci\u00f3n superior, pasando de un modelo tradicional centrado en la ense\u00f1anza a uno enfocado en el aprendizaje y el estudiante, en l\u00ednea con las tendencias globales de educaci\u00f3n.<\/p>\n\n\n\n<p class=\"has-heading-font-family has-large-font-size\" style=\"line-height:1.2\">Investigamos c\u00f3mo las tecnolog\u00edas emergentes (como la inteligencia artificial, la realidad aumentada y los laboratorios remotos) pueden enriquecer y sostener este nuevo modelo educativo, promoviendo la personalizaci\u00f3n y la interacci\u00f3n significativa con los contenidos.<\/p>\n\n\n\n<p class=\"has-heading-font-family has-x-large-font-size\" style=\"line-height:1.2\"><\/p>\n<\/blockquote>\n\n\n\n<p><\/p>\n","protected":false},"excerpt":{"rendered":"<p>Nuestro proyecto busca transformar la educaci\u00f3n superior, pasando de un modelo tradicional centrado en la ense\u00f1anza a uno enfocado en [&hellip;]<\/p>\n","protected":false},"author":2,"featured_media":0,"parent":0,"menu_order":0,"comment_status":"closed","ping_status":"closed","template":"","meta":{"site-sidebar-layout":"default","site-content-layout":"","ast-site-content-layout":"default","site-content-style":"default","site-sidebar-style":"default","ast-global-header-display":"","ast-banner-title-visibility":"","ast-main-header-display":"","ast-hfb-above-header-display":"","ast-hfb-below-header-display":"","ast-hfb-mobile-header-display":"","site-post-title":"","ast-breadcrumbs-content":"","ast-featured-img":"","footer-sml-layout":"","theme-transparent-header-meta":"","adv-header-id-meta":"","stick-header-meta":"","header-above-stick-meta":"","header-main-stick-meta":"","header-below-stick-meta":"","astra-migrate-meta-layouts":"default","ast-page-background-enabled":"default","ast-page-background-meta":{"desktop":{"background-color":"var(--ast-global-color-5)","background-image":"","background-repeat":"repeat","background-position":"center center","background-size":"auto","background-attachment":"scroll","background-type":"","background-media":"","overlay-type":"","overlay-color":"","overlay-opacity":"","overlay-gradient":""},"tablet":{"background-color":"","background-image":"","background-repeat":"repeat","background-position":"center center","background-size":"auto","background-attachment":"scroll","background-type":"","background-media":"","overlay-type":"","overlay-color":"","overlay-opacity":"","overlay-gradient":""},"mobile":{"background-color":"","background-image":"","background-repeat":"repeat","background-position":"center center","background-size":"auto","background-attachment":"scroll","background-type":"","background-media":"","overlay-type":"","overlay-color":"","overlay-opacity":"","overlay-gradient":""}},"ast-content-background-meta":{"desktop":{"background-color":"var(--ast-global-color-4)","background-image":"","background-repeat":"repeat","background-position":"center center","background-size":"auto","background-attachment":"scroll","background-type":"","background-media":"","overlay-type":"","overlay-color":"","overlay-opacity":"","overlay-gradient":""},"tablet":{"background-color":"var(--ast-global-color-4)","background-image":"","background-repeat":"repeat","background-position":"center center","background-size":"auto","background-attachment":"scroll","background-type":"","background-media":"","overlay-type":"","overlay-color":"","overlay-opacity":"","overlay-gradient":""},"mobile":{"background-color":"var(--ast-global-color-4)","background-image":"","background-repeat":"repeat","background-position":"center center","background-size":"auto","background-attachment":"scroll","background-type":"","background-media":"","overlay-type":"","overlay-color":"","overlay-opacity":"","overlay-gradient":""}},"footnotes":""},"class_list":["post-79","page","type-page","status-publish","hentry"],"yoast_head":"<!-- This site is optimized with the Yoast SEO plugin v24.0 - https:\/\/yoast.com\/wordpress\/plugins\/seo\/ -->\n<title>Proyectos de investigaci\u00f3n - Laboratorio de Educaci\u00f3n y Tecnolog\u00edas<\/title>\n<meta name=\"robots\" content=\"index, follow, max-snippet:-1, max-image-preview:large, max-video-preview:-1\" \/>\n<link rel=\"canonical\" href=\"https:\/\/labedutec.fica.unsl.edu.ar\/index.php\/proyectos-de-investigacion\/\" \/>\n<meta property=\"og:locale\" content=\"es_ES\" \/>\n<meta property=\"og:type\" content=\"article\" \/>\n<meta property=\"og:title\" content=\"Proyectos de investigaci\u00f3n - Laboratorio de Educaci\u00f3n y Tecnolog\u00edas\" \/>\n<meta property=\"og:description\" content=\"Nuestro proyecto busca transformar la educaci\u00f3n superior, pasando de un modelo tradicional centrado en la ense\u00f1anza a uno enfocado en [&hellip;]\" \/>\n<meta property=\"og:url\" content=\"https:\/\/labedutec.fica.unsl.edu.ar\/index.php\/proyectos-de-investigacion\/\" \/>\n<meta property=\"og:site_name\" content=\"Laboratorio de Educaci\u00f3n y Tecnolog\u00edas\" \/>\n<meta property=\"article:modified_time\" content=\"2025-09-26T18:32:05+00:00\" \/>\n<meta name=\"twitter:card\" content=\"summary_large_image\" \/>\n<script type=\"application\/ld+json\" class=\"yoast-schema-graph\">{\"@context\":\"https:\/\/schema.org\",\"@graph\":[{\"@type\":\"WebPage\",\"@id\":\"https:\/\/labedutec.fica.unsl.edu.ar\/index.php\/proyectos-de-investigacion\/\",\"url\":\"https:\/\/labedutec.fica.unsl.edu.ar\/index.php\/proyectos-de-investigacion\/\",\"name\":\"Proyectos de investigaci\u00f3n - Laboratorio de Educaci\u00f3n y Tecnolog\u00edas\",\"isPartOf\":{\"@id\":\"https:\/\/labedutec.fica.unsl.edu.ar\/#website\"},\"datePublished\":\"2025-09-26T17:52:55+00:00\",\"dateModified\":\"2025-09-26T18:32:05+00:00\",\"breadcrumb\":{\"@id\":\"https:\/\/labedutec.fica.unsl.edu.ar\/index.php\/proyectos-de-investigacion\/#breadcrumb\"},\"inLanguage\":\"es-AR\",\"potentialAction\":[{\"@type\":\"ReadAction\",\"target\":[\"https:\/\/labedutec.fica.unsl.edu.ar\/index.php\/proyectos-de-investigacion\/\"]}]},{\"@type\":\"BreadcrumbList\",\"@id\":\"https:\/\/labedutec.fica.unsl.edu.ar\/index.php\/proyectos-de-investigacion\/#breadcrumb\",\"itemListElement\":[{\"@type\":\"ListItem\",\"position\":1,\"name\":\"Inicio\",\"item\":\"https:\/\/labedutec.fica.unsl.edu.ar\/\"},{\"@type\":\"ListItem\",\"position\":2,\"name\":\"Proyectos de investigaci\u00f3n\"}]},{\"@type\":\"WebSite\",\"@id\":\"https:\/\/labedutec.fica.unsl.edu.ar\/#website\",\"url\":\"https:\/\/labedutec.fica.unsl.edu.ar\/\",\"name\":\"Laboratorio de Educaci\u00f3n y Tecnolog\u00edas\",\"description\":\"\",\"publisher\":{\"@id\":\"https:\/\/labedutec.fica.unsl.edu.ar\/#organization\"},\"potentialAction\":[{\"@type\":\"SearchAction\",\"target\":{\"@type\":\"EntryPoint\",\"urlTemplate\":\"https:\/\/labedutec.fica.unsl.edu.ar\/?s={search_term_string}\"},\"query-input\":{\"@type\":\"PropertyValueSpecification\",\"valueRequired\":true,\"valueName\":\"search_term_string\"}}],\"inLanguage\":\"es-AR\"},{\"@type\":\"Organization\",\"@id\":\"https:\/\/labedutec.fica.unsl.edu.ar\/#organization\",\"name\":\"Laboratorio de Educaci\u00f3n y Tecnolog\u00edas\",\"url\":\"https:\/\/labedutec.fica.unsl.edu.ar\/\",\"logo\":{\"@type\":\"ImageObject\",\"inLanguage\":\"es-AR\",\"@id\":\"https:\/\/labedutec.fica.unsl.edu.ar\/#\/schema\/logo\/image\/\",\"url\":\"https:\/\/labedutec.fica.unsl.edu.ar\/wp-content\/uploads\/2025\/09\/Logo-1.png\",\"contentUrl\":\"https:\/\/labedutec.fica.unsl.edu.ar\/wp-content\/uploads\/2025\/09\/Logo-1.png\",\"width\":568,\"height\":520,\"caption\":\"Laboratorio de Educaci\u00f3n y Tecnolog\u00edas\"},\"image\":{\"@id\":\"https:\/\/labedutec.fica.unsl.edu.ar\/#\/schema\/logo\/image\/\"}}]}<\/script>\n<!-- \/ Yoast SEO plugin. -->","yoast_head_json":{"title":"Proyectos de investigaci\u00f3n - Laboratorio de Educaci\u00f3n y Tecnolog\u00edas","robots":{"index":"index","follow":"follow","max-snippet":"max-snippet:-1","max-image-preview":"max-image-preview:large","max-video-preview":"max-video-preview:-1"},"canonical":"https:\/\/labedutec.fica.unsl.edu.ar\/index.php\/proyectos-de-investigacion\/","og_locale":"es_ES","og_type":"article","og_title":"Proyectos de investigaci\u00f3n - Laboratorio de Educaci\u00f3n y Tecnolog\u00edas","og_description":"Nuestro proyecto busca transformar la educaci\u00f3n superior, pasando de un modelo tradicional centrado en la ense\u00f1anza a uno enfocado en [&hellip;]","og_url":"https:\/\/labedutec.fica.unsl.edu.ar\/index.php\/proyectos-de-investigacion\/","og_site_name":"Laboratorio de Educaci\u00f3n y Tecnolog\u00edas","article_modified_time":"2025-09-26T18:32:05+00:00","twitter_card":"summary_large_image","schema":{"@context":"https:\/\/schema.org","@graph":[{"@type":"WebPage","@id":"https:\/\/labedutec.fica.unsl.edu.ar\/index.php\/proyectos-de-investigacion\/","url":"https:\/\/labedutec.fica.unsl.edu.ar\/index.php\/proyectos-de-investigacion\/","name":"Proyectos de investigaci\u00f3n - Laboratorio de Educaci\u00f3n y Tecnolog\u00edas","isPartOf":{"@id":"https:\/\/labedutec.fica.unsl.edu.ar\/#website"},"datePublished":"2025-09-26T17:52:55+00:00","dateModified":"2025-09-26T18:32:05+00:00","breadcrumb":{"@id":"https:\/\/labedutec.fica.unsl.edu.ar\/index.php\/proyectos-de-investigacion\/#breadcrumb"},"inLanguage":"es-AR","potentialAction":[{"@type":"ReadAction","target":["https:\/\/labedutec.fica.unsl.edu.ar\/index.php\/proyectos-de-investigacion\/"]}]},{"@type":"BreadcrumbList","@id":"https:\/\/labedutec.fica.unsl.edu.ar\/index.php\/proyectos-de-investigacion\/#breadcrumb","itemListElement":[{"@type":"ListItem","position":1,"name":"Inicio","item":"https:\/\/labedutec.fica.unsl.edu.ar\/"},{"@type":"ListItem","position":2,"name":"Proyectos de investigaci\u00f3n"}]},{"@type":"WebSite","@id":"https:\/\/labedutec.fica.unsl.edu.ar\/#website","url":"https:\/\/labedutec.fica.unsl.edu.ar\/","name":"Laboratorio de Educaci\u00f3n y Tecnolog\u00edas","description":"","publisher":{"@id":"https:\/\/labedutec.fica.unsl.edu.ar\/#organization"},"potentialAction":[{"@type":"SearchAction","target":{"@type":"EntryPoint","urlTemplate":"https:\/\/labedutec.fica.unsl.edu.ar\/?s={search_term_string}"},"query-input":{"@type":"PropertyValueSpecification","valueRequired":true,"valueName":"search_term_string"}}],"inLanguage":"es-AR"},{"@type":"Organization","@id":"https:\/\/labedutec.fica.unsl.edu.ar\/#organization","name":"Laboratorio de Educaci\u00f3n y Tecnolog\u00edas","url":"https:\/\/labedutec.fica.unsl.edu.ar\/","logo":{"@type":"ImageObject","inLanguage":"es-AR","@id":"https:\/\/labedutec.fica.unsl.edu.ar\/#\/schema\/logo\/image\/","url":"https:\/\/labedutec.fica.unsl.edu.ar\/wp-content\/uploads\/2025\/09\/Logo-1.png","contentUrl":"https:\/\/labedutec.fica.unsl.edu.ar\/wp-content\/uploads\/2025\/09\/Logo-1.png","width":568,"height":520,"caption":"Laboratorio de Educaci\u00f3n y Tecnolog\u00edas"},"image":{"@id":"https:\/\/labedutec.fica.unsl.edu.ar\/#\/schema\/logo\/image\/"}}]}},"_links":{"self":[{"href":"https:\/\/labedutec.fica.unsl.edu.ar\/index.php\/wp-json\/wp\/v2\/pages\/79","targetHints":{"allow":["GET"]}}],"collection":[{"href":"https:\/\/labedutec.fica.unsl.edu.ar\/index.php\/wp-json\/wp\/v2\/pages"}],"about":[{"href":"https:\/\/labedutec.fica.unsl.edu.ar\/index.php\/wp-json\/wp\/v2\/types\/page"}],"author":[{"embeddable":true,"href":"https:\/\/labedutec.fica.unsl.edu.ar\/index.php\/wp-json\/wp\/v2\/users\/2"}],"replies":[{"embeddable":true,"href":"https:\/\/labedutec.fica.unsl.edu.ar\/index.php\/wp-json\/wp\/v2\/comments?post=79"}],"version-history":[{"count":4,"href":"https:\/\/labedutec.fica.unsl.edu.ar\/index.php\/wp-json\/wp\/v2\/pages\/79\/revisions"}],"predecessor-version":[{"id":91,"href":"https:\/\/labedutec.fica.unsl.edu.ar\/index.php\/wp-json\/wp\/v2\/pages\/79\/revisions\/91"}],"wp:attachment":[{"href":"https:\/\/labedutec.fica.unsl.edu.ar\/index.php\/wp-json\/wp\/v2\/media?parent=79"}],"curies":[{"name":"wp","href":"https:\/\/api.w.org\/{rel}","templated":true}]}}